{"id":1192,"date":"2024-11-21T14:13:29","date_gmt":"2024-11-21T14:13:29","guid":{"rendered":"https:\/\/calculatorleasing.ro\/censea\/?page_id=1192"},"modified":"2024-12-13T08:55:15","modified_gmt":"2024-12-13T08:55:15","slug":"servicii-contabilitate","status":"publish","type":"page","link":"https:\/\/censeaservices.com\/en\/servicii-contabilitate\/","title":{"rendered":"Accounting"},"content":{"rendered":"<div class=\"wpb-content-wrapper\"><div class=\"vc_row wpb_row row top-row wpb_custom_034b39d9bc6c6b310d69e39f0ccf274f\"><div class=\"vc_column_container col-md-6\"><div class=\"wpb_wrapper vc_column-inner\">\r\n\t<div class=\"wpb_text_column wpb_content_element wpb_custom_7c91d232724f73626cc933bd95b25ff0\" >\r\n\t\t<div class=\"wpb_wrapper\">\r\n\t\t\t<p><strong>Comprehensive Accounting Services Tailored to Your Business<\/strong><\/p>\n<p class=\" translation-block\">At <strong>Censea<\/strong>, we provide comprehensive and personalized accounting services tailored to your business needs, regardless of your industry. Our primary focus is on the accurate, efficient, and timely management of your accounting documents so that you can concentrate on expanding and consolidating your business. With our modern and fast document management system and financial reporting tools, we ensure a 100% online working environment.<\/p>\n<p><strong>Automated Processing of Accounting Documents <\/strong><\/p>\n<p class=\" translation-block\">We handle the recording of accounting documents and have implemented advanced technological solutions to streamline the process. These include automatic downloading of invoices from your partners through the E-Invoice system, automatic import of bank statements, and other accounting documents. This eliminates human errors, accelerates the registration process, and allows us to dedicate more time to verification and communication.<\/p>\n<p>&nbsp;<\/p>\n\r\n\t\t<\/div>\r\n\t<\/div>\r\n<\/div><\/div><div class=\"vc_column_container col-md-6\"><div class=\"wpb_wrapper vc_column-inner\">\r\n\t<div class=\"wpb_single_image wpb_content_element vc_align_left wpb_content_element  wpb_custom_81a4f7ef9830bf958462581aa01150fb\"><div class=\"wpb_wrapper\">\r\n\t\t\t\r\n\t\t\t<div class=\"vc_single_image-wrapper   vc_box_border_grey\"><img loading=\"lazy\" decoding=\"async\" width=\"2560\" height=\"2560\" src=\"https:\/\/censeaservices.com\/wp-content\/uploads\/2024\/11\/3d-photo-businessman-cartoon-data-analytics-made-with-generative-ai-scaled.jpg\" class=\"vc_single_image-img attachment-full\" alt=\"\" title=\"3d-photo-businessman-cartoon-data-analytics-made-with-generative-ai\" srcset=\"https:\/\/censeaservices.com\/wp-content\/uploads\/2024\/11\/3d-photo-businessman-cartoon-data-analytics-made-with-generative-ai-scaled.jpg 2560w, https:\/\/censeaservices.com\/wp-content\/uploads\/2024\/11\/3d-photo-businessman-cartoon-data-analytics-made-with-generative-ai-1024x1024.jpg 1024w, https:\/\/censeaservices.com\/wp-content\/uploads\/2024\/11\/3d-photo-businessman-cartoon-data-analytics-made-with-generative-ai-768x768.jpg 768w, https:\/\/censeaservices.com\/wp-content\/uploads\/2024\/11\/3d-photo-businessman-cartoon-data-analytics-made-with-generative-ai-1536x1536.jpg 1536w, https:\/\/censeaservices.com\/wp-content\/uploads\/2024\/11\/3d-photo-businessman-cartoon-data-analytics-made-with-generative-ai-2048x2048.jpg 2048w, https:\/\/censeaservices.com\/wp-content\/uploads\/2024\/11\/3d-photo-businessman-cartoon-data-analytics-made-with-generative-ai-640x640.jpg 640w, https:\/\/censeaservices.com\/wp-content\/uploads\/2024\/11\/3d-photo-businessman-cartoon-data-analytics-made-with-generative-ai-400x400.jpg 400w, https:\/\/censeaservices.com\/wp-content\/uploads\/2024\/11\/3d-photo-businessman-cartoon-data-analytics-made-with-generative-ai-560x560.jpg 560w, https:\/\/censeaservices.com\/wp-content\/uploads\/2024\/11\/3d-photo-businessman-cartoon-data-analytics-made-with-generative-ai-367x367.jpg 367w, https:\/\/censeaservices.com\/wp-content\/uploads\/2024\/11\/3d-photo-businessman-cartoon-data-analytics-made-with-generative-ai-600x600.jpg 600w\" sizes=\"auto, (max-width: 2560px) 100vw, 2560px\" \/><\/div>\r\n\t\t<\/div>\r\n\t<\/div>\r\n<\/div><\/div><\/div><div class=\"vc_row wpb_row row top-row wpb_custom_034b39d9bc6c6b310d69e39f0ccf274f\"><div class=\"vc_column_container col-md-6\"><div class=\"wpb_wrapper vc_column-inner\">\r\n\t<div class=\"wpb_single_image wpb_content_element vc_align_left wpb_content_element  wpb_custom_81a4f7ef9830bf958462581aa01150fb\"><div class=\"wpb_wrapper\">\r\n\t\t\t\r\n\t\t\t<div class=\"vc_single_image-wrapper   vc_box_border_grey\"><img loading=\"lazy\" decoding=\"async\" width=\"2123\" height=\"2560\" src=\"https:\/\/censeaservices.com\/wp-content\/uploads\/2024\/11\/business-education-concept-indoor-picture-smiling-woman-with-documents-pen-scaled.jpg\" class=\"vc_single_image-img attachment-full\" alt=\"\" title=\"businesswoman with documents\" srcset=\"https:\/\/censeaservices.com\/wp-content\/uploads\/2024\/11\/business-education-concept-indoor-picture-smiling-woman-with-documents-pen-scaled.jpg 2123w, https:\/\/censeaservices.com\/wp-content\/uploads\/2024\/11\/business-education-concept-indoor-picture-smiling-woman-with-documents-pen-849x1024.jpg 849w, https:\/\/censeaservices.com\/wp-content\/uploads\/2024\/11\/business-education-concept-indoor-picture-smiling-woman-with-documents-pen-768x926.jpg 768w, https:\/\/censeaservices.com\/wp-content\/uploads\/2024\/11\/business-education-concept-indoor-picture-smiling-woman-with-documents-pen-1274x1536.jpg 1274w, https:\/\/censeaservices.com\/wp-content\/uploads\/2024\/11\/business-education-concept-indoor-picture-smiling-woman-with-documents-pen-1698x2048.jpg 1698w, https:\/\/censeaservices.com\/wp-content\/uploads\/2024\/11\/business-education-concept-indoor-picture-smiling-woman-with-documents-pen-640x772.jpg 640w, https:\/\/censeaservices.com\/wp-content\/uploads\/2024\/11\/business-education-concept-indoor-picture-smiling-woman-with-documents-pen-400x482.jpg 400w, https:\/\/censeaservices.com\/wp-content\/uploads\/2024\/11\/business-education-concept-indoor-picture-smiling-woman-with-documents-pen-600x724.jpg 600w\" sizes=\"auto, (max-width: 2123px) 100vw, 2123px\" \/><\/div>\r\n\t\t<\/div>\r\n\t<\/div>\r\n<\/div><\/div><div class=\"vc_column_container col-md-6\"><div class=\"wpb_wrapper vc_column-inner\"><div class=\"vc_empty_space\"   style=\"height: 100px\"><span class=\"vc_empty_space_inner\"><\/span><\/div>\r\n\t<div class=\"wpb_text_column wpb_content_element wpb_custom_7c91d232724f73626cc933bd95b25ff0\" >\r\n\t\t<div class=\"wpb_wrapper\">\r\n\t\t\t<p><strong>100% Online Collaboration and Digitally Stored Documents<\/strong><\/p>\n<p class=\" translation-block\">Our collaboration is entirely online, meaning all your documents are securely stored electronically. This gives you easy access to your accounting records anytime, without the need for physical meetings or managing bulky files. This efficient system provides speed and flexibility in your collaboration with our accounting team.<\/p>\n<p><strong>Submission of All Tax Declarations<\/strong><\/p>\n<p class=\" translation-block\">We handle the submission of all tax declarations\u2014monthly, quarterly, or annually, as required\u2014ensuring compliance with current legislation. Our team takes full responsibility for managing documents and meeting deadlines, ensuring all tax declarations are accurately prepared and submitted to ANAF on time. Additionally, our consultants are available to offer tax optimization advice to help minimize taxes and improve the financial efficiency of your business.<\/p>\n\r\n\t\t<\/div>\r\n\t<\/div>\r\n<\/div><\/div><\/div><div class=\"vc_row wpb_row row top-row wpb_custom_034b39d9bc6c6b310d69e39f0ccf274f\"><div class=\"vc_column_container col-md-6\"><div class=\"wpb_wrapper vc_column-inner\">\r\n\t<div class=\"wpb_text_column wpb_content_element wpb_custom_7c91d232724f73626cc933bd95b25ff0\" >\r\n\t\t<div class=\"wpb_wrapper\">\r\n\t\t\t<p><strong>Ongoing Consultancy and Communication with Our Accounting Team<\/strong><\/p>\n<p class=\" translation-block\">We understand the importance of efficient and timely communication. Our team ensures that you receive responses to all inquiries within 24 hours. We provide continuous tax and accounting consultancy to keep you informed about your business's financial performance, enabling you to make the best managerial decisions. Communication is facilitated via email and other digital platforms (Skype, Teams, WhatsApp, etc.), based on your preferences, offering quick and clear solutions to any request.<\/p>\n<p><strong>VAT Registration and Communication with Tax Authorities<\/strong><\/p>\n<p class=\" translation-block\">We manage the entire VAT registration process online and handle ongoing communication with state institutions. We take over all interactions with ANAF, allowing you to focus on your business without the burden of bureaucratic processes. Our accounting team manages these aspects professionally and efficiently.<\/p>\n<p><strong>Ongoing Consultancy and Communication with Our Accounting Team<\/strong><\/p>\n<p class=\" translation-block\">We understand the importance of efficient and timely communication. Our team ensures that you receive responses to all inquiries within 24 hours. We provide continuous tax and accounting consultancy to keep you informed about your business's financial performance, enabling you to make the best managerial decisions. Communication is facilitated via email and other digital platforms (Skype, Teams, WhatsApp, etc.), based on your preferences, offering quick and clear solutions to any request.<\/p>\n<p><strong>Support During Tax Audits<\/strong><\/p>\n<p class=\" translation-block\">Let Censea handle the complexities of accounting, allowing you to focus on growing and improving your business. Contact us today for a consultation on how we can support your financial and operational success.<\/p>\n\r\n\t\t<\/div>\r\n\t<\/div>\r\n<\/div><\/div><div class=\"vc_column_container col-md-6\"><div class=\"wpb_wrapper vc_column-inner\">\r\n\t<div class=\"wpb_single_image wpb_content_element vc_align_left wpb_content_element  wpb_custom_81a4f7ef9830bf958462581aa01150fb\"><div class=\"wpb_wrapper\">\r\n\t\t\t\r\n\t\t\t<div class=\"vc_single_image-wrapper   vc_box_border_grey\"><img loading=\"lazy\" decoding=\"async\" width=\"1707\" height=\"2560\" src=\"https:\/\/censeaservices.com\/wp-content\/uploads\/2024\/11\/modern-office-1-scaled.jpg\" class=\"vc_single_image-img attachment-full\" alt=\"\" title=\"modern office\" srcset=\"https:\/\/censeaservices.com\/wp-content\/uploads\/2024\/11\/modern-office-1-scaled.jpg 1707w, https:\/\/censeaservices.com\/wp-content\/uploads\/2024\/11\/modern-office-1-683x1024.jpg 683w, https:\/\/censeaservices.com\/wp-content\/uploads\/2024\/11\/modern-office-1-768x1152.jpg 768w, https:\/\/censeaservices.com\/wp-content\/uploads\/2024\/11\/modern-office-1-1024x1536.jpg 1024w, https:\/\/censeaservices.com\/wp-content\/uploads\/2024\/11\/modern-office-1-1365x2048.jpg 1365w, https:\/\/censeaservices.com\/wp-content\/uploads\/2024\/11\/modern-office-1-640x960.jpg 640w, https:\/\/censeaservices.com\/wp-content\/uploads\/2024\/11\/modern-office-1-400x600.jpg 400w, https:\/\/censeaservices.com\/wp-content\/uploads\/2024\/11\/modern-office-1-600x900.jpg 600w\" sizes=\"auto, (max-width: 1707px) 100vw, 1707px\" \/><\/div>\r\n\t\t<\/div>\r\n\t<\/div>\r\n<\/div><\/div><\/div>\n<\/div>","protected":false},"excerpt":{"rendered":"Servicii complete de contabilitate adaptate afacerii tale Echipa Censea \u00ee\u021bi ofer\u0103 servicii de contabilitate complete \u0219i personalizate, adaptate nevoilor afacerii tale, indiferent de domeniul de activitate. Preocuparea noastr\u0103 permanent\u0103 este gestiunea corect\u0103, eficient\u0103 \u0219i f\u0103r\u0103 \u00eent\u00e2rziere a documentelor contabile, astfel \u00eenc\u00e2t tu s\u0103 te po\u021bi concentra pe procesul de extindere \u0219i consolidare al afacerii tale. [...]","protected":false},"author":1,"featured_media":0,"parent":0,"menu_order":0,"comment_status":"closed","ping_status":"closed","template":"","meta":{"_acf_changed":false,"content-type":"","footnotes":""},"class_list":["post-1192","page","type-page","status-publish","hentry"],"acf":[],"_links":{"self":[{"href":"https:\/\/censeaservices.com\/en\/wp-json\/wp\/v2\/pages\/1192","targetHints":{"allow":["GET"]}}],"collection":[{"href":"https:\/\/censeaservices.com\/en\/wp-json\/wp\/v2\/pages"}],"about":[{"href":"https:\/\/censeaservices.com\/en\/wp-json\/wp\/v2\/types\/page"}],"author":[{"embeddable":true,"href":"https:\/\/censeaservices.com\/en\/wp-json\/wp\/v2\/users\/1"}],"replies":[{"embeddable":true,"href":"https:\/\/censeaservices.com\/en\/wp-json\/wp\/v2\/comments?post=1192"}],"version-history":[{"count":9,"href":"https:\/\/censeaservices.com\/en\/wp-json\/wp\/v2\/pages\/1192\/revisions"}],"predecessor-version":[{"id":1654,"href":"https:\/\/censeaservices.com\/en\/wp-json\/wp\/v2\/pages\/1192\/revisions\/1654"}],"wp:attachment":[{"href":"https:\/\/censeaservices.com\/en\/wp-json\/wp\/v2\/media?parent=1192"}],"curies":[{"name":"wp","href":"https:\/\/api.w.org\/{rel}","templated":true}]}}