{"id":1208,"date":"2024-11-21T15:00:27","date_gmt":"2024-11-21T15:00:27","guid":{"rendered":"https:\/\/calculatorleasing.ro\/censea\/?page_id=1208"},"modified":"2024-12-13T12:21:50","modified_gmt":"2024-12-13T12:21:50","slug":"contabilitate-amazon","status":"publish","type":"page","link":"https:\/\/censeaservices.com\/en\/contabilitate-amazon\/","title":{"rendered":"Amazon Accounting"},"content":{"rendered":"<div class=\"wpb-content-wrapper\"><div class=\"vc_row wpb_row row top-row wpb_custom_034b39d9bc6c6b310d69e39f0ccf274f\"><div class=\"vc_column_container col-md-6\"><div class=\"wpb_wrapper vc_column-inner\">\r\n\t<div class=\"wpb_text_column wpb_content_element wpb_custom_7c91d232724f73626cc933bd95b25ff0\" >\r\n\t\t<div class=\"wpb_wrapper\">\r\n\t\t\t<p><strong>Accounting Services for Amazon Sellers: Comprehensive and Tailored Solutions<\/strong><\/p>\n<p>If you're an Amazon seller or planning to sell on the platform and need efficient accounting solutions, we\u2019re here to help. With over 10 years of experience providing Amazon-specific accounting services, our team is ready to support your online business, whether you sell on Amazon US, Amazon Europe, or other international marketplaces.<\/p>\n<p><strong>Specialized Accounting and Consultancy for Amazon Sellers<\/strong><\/p>\n<p>Selling online on Amazon comes with unique challenges, from complex inventory management to compliance with tax regulations across various countries. We offer specialized accounting services for Amazon sellers, tailored to your business needs.<\/p>\n\r\n\t\t<\/div>\r\n\t<\/div>\r\n<\/div><\/div><div class=\"vc_column_container col-md-6\"><div class=\"wpb_wrapper vc_column-inner\">\r\n\t<div class=\"wpb_single_image wpb_content_element vc_align_left wpb_content_element  wpb_custom_81a4f7ef9830bf958462581aa01150fb\"><div class=\"wpb_wrapper\">\r\n\t\t\t\r\n\t\t\t<div class=\"vc_single_image-wrapper   vc_box_border_grey\"><img decoding=\"async\" class=\"vc_single_image-img\" src=\"https:\/\/censeaservices.com\/wp-content\/uploads\/2024\/11\/modern-workspace-with-amazon-delivery-box-2-scaled-546x446.jpg\" width=\"546\" height=\"446\" alt=\"Modern Workspace with Amazon Delivery Box\" title=\"Modern Workspace with Amazon Delivery Box\" loading=\"lazy\" \/><\/div>\r\n\t\t<\/div>\r\n\t<\/div>\r\n<\/div><\/div><\/div><div class=\"vc_row wpb_row row top-row wpb_custom_034b39d9bc6c6b310d69e39f0ccf274f\"><div class=\"vc_column_container col-md-6\"><div class=\"wpb_wrapper vc_column-inner\">\r\n\t<div class=\"wpb_single_image wpb_content_element vc_align_left wpb_content_element  wpb_custom_81a4f7ef9830bf958462581aa01150fb\"><div class=\"wpb_wrapper\">\r\n\t\t\t\r\n\t\t\t<div class=\"vc_single_image-wrapper   vc_box_border_grey\"><img loading=\"lazy\" decoding=\"async\" width=\"2560\" height=\"1920\" src=\"https:\/\/censeaservices.com\/wp-content\/uploads\/2024\/11\/modern-workspace-with-amazon-delivery-box-1-scaled.jpg\" class=\"vc_single_image-img attachment-full\" alt=\"\" title=\"Modern Workspace with Amazon Delivery Box\" srcset=\"https:\/\/censeaservices.com\/wp-content\/uploads\/2024\/11\/modern-workspace-with-amazon-delivery-box-1-scaled.jpg 2560w, https:\/\/censeaservices.com\/wp-content\/uploads\/2024\/11\/modern-workspace-with-amazon-delivery-box-1-1024x768.jpg 1024w, https:\/\/censeaservices.com\/wp-content\/uploads\/2024\/11\/modern-workspace-with-amazon-delivery-box-1-768x576.jpg 768w, https:\/\/censeaservices.com\/wp-content\/uploads\/2024\/11\/modern-workspace-with-amazon-delivery-box-1-1536x1152.jpg 1536w, https:\/\/censeaservices.com\/wp-content\/uploads\/2024\/11\/modern-workspace-with-amazon-delivery-box-1-2048x1536.jpg 2048w, https:\/\/censeaservices.com\/wp-content\/uploads\/2024\/11\/modern-workspace-with-amazon-delivery-box-1-463x348.jpg 463w, https:\/\/censeaservices.com\/wp-content\/uploads\/2024\/11\/modern-workspace-with-amazon-delivery-box-1-640x480.jpg 640w, https:\/\/censeaservices.com\/wp-content\/uploads\/2024\/11\/modern-workspace-with-amazon-delivery-box-1-400x300.jpg 400w, https:\/\/censeaservices.com\/wp-content\/uploads\/2024\/11\/modern-workspace-with-amazon-delivery-box-1-600x450.jpg 600w\" sizes=\"auto, (max-width: 2560px) 100vw, 2560px\" \/><\/div>\r\n\t\t<\/div>\r\n\t<\/div>\r\n<\/div><\/div><div class=\"vc_column_container col-md-6\"><div class=\"wpb_wrapper vc_column-inner\">\r\n\t<div class=\"wpb_text_column wpb_content_element wpb_custom_7c91d232724f73626cc933bd95b25ff0\" >\r\n\t\t<div class=\"wpb_wrapper\">\r\n\t\t\t<p>Our services include:\n<ul>\n<li>\nDownloading reports and invoices from the Amazon platform.\n<\/li>\n<li>\nRecording transactions and issuing invoices for Amazon sales.\n<\/li>\n<li>\nManaging tax obligations to optimize financial resources.\n<\/li>\n<\/ul><\/p>\n<p>We ensure that your financial processes are managed efficiently so you can focus on scaling your business. Additionally, we provide dedicated consultancy to help you navigate the complexities of international sales and maximize profitability.<\/p>\n<p><strong>Inventory Operations Optimization<\/strong><\/p>\n<p>Inventory management is critical for Amazon sellers, and having well-organized stock accounting is essential.<\/p>\n\r\n\t\t<\/div>\r\n\t<\/div>\r\n<\/div><\/div><\/div><div class=\"vc_row wpb_row row top-row wpb_custom_034b39d9bc6c6b310d69e39f0ccf274f\"><div class=\"vc_column_container col-md-6\"><div class=\"wpb_wrapper vc_column-inner\"><div class=\"vc_empty_space\"   style=\"height: 50px\"><span class=\"vc_empty_space_inner\"><\/span><\/div>\r\n\t<div class=\"wpb_text_column wpb_content_element wpb_custom_7c91d232724f73626cc933bd95b25ff0\" >\r\n\t\t<div class=\"wpb_wrapper\">\r\n\t\t\t<p>We help optimize your inventory operations, so you always know:\n<ul>\n<li>\n\tHow many products you have in stock.\n<\/li>\n<li>\n\tWhich items need replenishment.\n<\/li>\n<li>\n\tHow to manage stock flow effectively to minimize costs and maximize revenues.\n<\/li>\n<\/ul>\nWe also integrate Amazon reports with your financial data, offering a clear view of each product or product line's profitability.<\/p>\n<p><strong>Cross-Border Reporting<\/strong><\/p>\n<p>Selling internationally on Amazon often involves income and tax reporting in multiple jurisdictions. We guide you through the cross-border reporting process, ensuring compliance with tax obligations in all countries where you sell.\nOur expertise includes:\n\u2022\tVAT reporting across European countries.\n\u2022\tCompliance with US tax regulations.\nWe ensure your business adheres to local tax laws, helping you avoid potential legal or fiscal issues.<\/p>\n\r\n\t\t<\/div>\r\n\t<\/div>\r\n<\/div><\/div><div class=\"vc_column_container col-md-6\"><div class=\"wpb_wrapper vc_column-inner\">\r\n\t<div class=\"wpb_single_image wpb_content_element vc_align_left wpb_content_element  wpb_custom_81a4f7ef9830bf958462581aa01150fb\"><div class=\"wpb_wrapper\">\r\n\t\t\t\r\n\t\t\t<div class=\"vc_single_image-wrapper   vc_box_border_grey\"><img loading=\"lazy\" decoding=\"async\" width=\"2560\" height=\"2560\" src=\"https:\/\/censeaservices.com\/wp-content\/uploads\/2024\/11\/ecommerce-unleashed-future-online-shopping-1-scaled.jpg\" class=\"vc_single_image-img attachment-full\" alt=\"\" title=\"ecommerce-unleashed-future-online-shopping (1)\" srcset=\"https:\/\/censeaservices.com\/wp-content\/uploads\/2024\/11\/ecommerce-unleashed-future-online-shopping-1-scaled.jpg 2560w, https:\/\/censeaservices.com\/wp-content\/uploads\/2024\/11\/ecommerce-unleashed-future-online-shopping-1-1024x1024.jpg 1024w, https:\/\/censeaservices.com\/wp-content\/uploads\/2024\/11\/ecommerce-unleashed-future-online-shopping-1-768x768.jpg 768w, https:\/\/censeaservices.com\/wp-content\/uploads\/2024\/11\/ecommerce-unleashed-future-online-shopping-1-1536x1536.jpg 1536w, https:\/\/censeaservices.com\/wp-content\/uploads\/2024\/11\/ecommerce-unleashed-future-online-shopping-1-2048x2048.jpg 2048w, https:\/\/censeaservices.com\/wp-content\/uploads\/2024\/11\/ecommerce-unleashed-future-online-shopping-1-640x640.jpg 640w, https:\/\/censeaservices.com\/wp-content\/uploads\/2024\/11\/ecommerce-unleashed-future-online-shopping-1-400x400.jpg 400w, https:\/\/censeaservices.com\/wp-content\/uploads\/2024\/11\/ecommerce-unleashed-future-online-shopping-1-560x560.jpg 560w, https:\/\/censeaservices.com\/wp-content\/uploads\/2024\/11\/ecommerce-unleashed-future-online-shopping-1-367x367.jpg 367w, https:\/\/censeaservices.com\/wp-content\/uploads\/2024\/11\/ecommerce-unleashed-future-online-shopping-1-600x600.jpg 600w\" sizes=\"auto, (max-width: 2560px) 100vw, 2560px\" \/><\/div>\r\n\t\t<\/div>\r\n\t<\/div>\r\n<\/div><\/div><\/div><div class=\"vc_row wpb_row row top-row wpb_custom_034b39d9bc6c6b310d69e39f0ccf274f\"><div class=\"vc_column_container col-md-6\"><div class=\"wpb_wrapper vc_column-inner\">\r\n\t<div class=\"wpb_single_image wpb_content_element vc_align_left wpb_content_element  wpb_custom_81a4f7ef9830bf958462581aa01150fb\"><div class=\"wpb_wrapper\">\r\n\t\t\t\r\n\t\t\t<div class=\"vc_single_image-wrapper   vc_box_border_grey\"><img loading=\"lazy\" decoding=\"async\" width=\"1928\" height=\"2560\" src=\"https:\/\/censeaservices.com\/wp-content\/uploads\/2024\/11\/amazon-box-table-scaled.jpg\" class=\"vc_single_image-img attachment-full\" alt=\"\" title=\"Amazon Box on Table\" srcset=\"https:\/\/censeaservices.com\/wp-content\/uploads\/2024\/11\/amazon-box-table-scaled.jpg 1928w, https:\/\/censeaservices.com\/wp-content\/uploads\/2024\/11\/amazon-box-table-771x1024.jpg 771w, https:\/\/censeaservices.com\/wp-content\/uploads\/2024\/11\/amazon-box-table-768x1020.jpg 768w, https:\/\/censeaservices.com\/wp-content\/uploads\/2024\/11\/amazon-box-table-1157x1536.jpg 1157w, https:\/\/censeaservices.com\/wp-content\/uploads\/2024\/11\/amazon-box-table-1543x2048.jpg 1543w, https:\/\/censeaservices.com\/wp-content\/uploads\/2024\/11\/amazon-box-table-640x850.jpg 640w, https:\/\/censeaservices.com\/wp-content\/uploads\/2024\/11\/amazon-box-table-400x531.jpg 400w, https:\/\/censeaservices.com\/wp-content\/uploads\/2024\/11\/amazon-box-table-600x797.jpg 600w\" sizes=\"auto, (max-width: 1928px) 100vw, 1928px\" \/><\/div>\r\n\t\t<\/div>\r\n\t<\/div>\r\n<\/div><\/div><div class=\"vc_column_container col-md-6\"><div class=\"wpb_wrapper vc_column-inner\">\r\n\t<div class=\"wpb_text_column wpb_content_element wpb_custom_7c91d232724f73626cc933bd95b25ff0\" >\r\n\t\t<div class=\"wpb_wrapper\">\r\n\t\t\t<p><strong>Support for Selling Your Amazon Account<\/strong><\/p>\n<p>If you\u2019re considering selling your Amazon account, we provide comprehensive assistance throughout the process.<\/p>\n<p>From preparing financial data and necessary documentation to handling tax aspects of the sale, we ensure the transaction is smooth and successful.<\/p>\n<p><strong>Why Choose Us?<\/strong><\/p>\n<ul>\n<li><strong>Extensive expertise: Specialized in accounting and consultancy for Amazon sellers.<\/strong><\/li>\n<li><strong>Tailored solutions: Optimizing inventory and financial resource management.<\/strong><\/li>\n<li><strong>Cross-border compliance: Tax reporting across multiple jurisdictions.<\/strong><\/li>\n<li><strong>Specialized support: Assistance in selling Amazon accounts.<\/strong><\/li>\n<\/ul>\n<p>Whether you\u2019re just starting as an Amazon seller or managing a significant volume of orders, our team of experts is here to provide comprehensive and efficient solutions for accounting and consultancy.\n\nWe understand the unique challenges that come with running an Amazon business, from tracking inventory costs to managing sales tax compliance across multiple jurisdictions. Our tailored approach ensures that every aspect of your financial operations is optimized, giving you a clear picture of your profitability and enabling you to make informed decisions for growth.\nWith expertise in Amazon-specific accounting tools and integrations, we streamline your processes, saving you time and reducing the risk of errors. Beyond compliance, we also offer strategic advice to help you scale your business, improve cash flow, and maximize your profits.<\/p>\n\r\n\t\t<\/div>\r\n\t<\/div>\r\n<\/div><\/div><\/div>\n<\/div>","protected":false},"excerpt":{"rendered":"Contabilitate pentru V\u00e2nz\u0103torii pe platforma Amazon: Solu\u021bii Complete \u0219i Personalizate Dac\u0103 e\u0219ti v\u00e2nz\u0103tor pe Amazon sau inten\u021bionezi s\u0103 vinzi pe aceast\u0103 platform\u0103 \u0219i cau\u021bi solu\u021bii eficiente pentru gestionarea contabilit\u0103\u021bii, suntem aici s\u0103 te ajut\u0103m. Oferim servicii de contabilitate de peste 10 ani pentru v\u00e2nz\u0103torii pe Amazon, iar echipa noastr\u0103 este preg\u0103tit\u0103 s\u0103 \u00ee\u021bi sprijine afacerea [...]","protected":false},"author":1,"featured_media":0,"parent":0,"menu_order":0,"comment_status":"closed","ping_status":"closed","template":"","meta":{"_acf_changed":false,"content-type":"","footnotes":""},"class_list":["post-1208","page","type-page","status-publish","hentry"],"acf":[],"_links":{"self":[{"href":"https:\/\/censeaservices.com\/en\/wp-json\/wp\/v2\/pages\/1208","targetHints":{"allow":["GET"]}}],"collection":[{"href":"https:\/\/censeaservices.com\/en\/wp-json\/wp\/v2\/pages"}],"about":[{"href":"https:\/\/censeaservices.com\/en\/wp-json\/wp\/v2\/types\/page"}],"author":[{"embeddable":true,"href":"https:\/\/censeaservices.com\/en\/wp-json\/wp\/v2\/users\/1"}],"replies":[{"embeddable":true,"href":"https:\/\/censeaservices.com\/en\/wp-json\/wp\/v2\/comments?post=1208"}],"version-history":[{"count":13,"href":"https:\/\/censeaservices.com\/en\/wp-json\/wp\/v2\/pages\/1208\/revisions"}],"predecessor-version":[{"id":1642,"href":"https:\/\/censeaservices.com\/en\/wp-json\/wp\/v2\/pages\/1208\/revisions\/1642"}],"wp:attachment":[{"href":"https:\/\/censeaservices.com\/en\/wp-json\/wp\/v2\/media?parent=1208"}],"curies":[{"name":"wp","href":"https:\/\/api.w.org\/{rel}","templated":true}]}}