{"id":1214,"date":"2024-11-21T15:11:44","date_gmt":"2024-11-21T15:11:44","guid":{"rendered":"https:\/\/calculatorleasing.ro\/censea\/?page_id=1214"},"modified":"2024-11-21T15:12:30","modified_gmt":"2024-11-21T15:12:30","slug":"intrebari-frecvente","status":"publish","type":"page","link":"https:\/\/censeaservices.com\/en\/intrebari-frecvente\/","title":{"rendered":"FAQ"},"content":{"rendered":"<div class=\"wpb-content-wrapper\"><div class=\"vc_row wpb_row row top-row wpb_custom_034b39d9bc6c6b310d69e39f0ccf274f\"><div class=\"vc_column_container col-md-12\"><div class=\"wpb_wrapper vc_column-inner\"><div class=\"vc_tta-container\" data-vc-action=\"collapse\"><div class=\"vc_general vc_tta vc_tta-accordion vc_tta-color-grey vc_tta-style-classic vc_tta-shape-rounded vc_tta-o-shape-group vc_tta-controls-align-default\"><div class=\"vc_tta-panels-container\"><div class=\"vc_tta-panels\"><div class=\"vc_tta-panel vc_active\" id=\"1732201623304-193f78e3-7950\" data-vc-content=\".vc_tta-panel-body\"><div class=\"vc_tta-panel-heading\"><h4 class=\"vc_tta-panel-title vc_tta-controls-icon-position-left\"><a href=\"#1732201623304-193f78e3-7950\" data-vc-accordion data-vc-container=\".vc_tta-container\"><span class=\"vc_tta-title-text\">How Can I Start Collaborating with You?<\/span><i class=\"vc_tta-controls-icon vc_tta-controls-icon-plus\"><\/i><\/a><\/h4><\/div><div class=\"vc_tta-panel-body\">\r\n\t<div class=\"wpb_text_column wpb_content_element wpb_custom_7c91d232724f73626cc933bd95b25ff0\" >\r\n\t\t<div class=\"wpb_wrapper\">\r\n\t\t\t<p>You can reach us by email at office@censeaservices.com or call us at 0721 86 25 93. Together, we will determine your company\u2019s needs during a free consultation session, and if we are a good fit, we will sign a contract. You will receive detailed instructions on how we will work together.<\/p>\n\r\n\t\t<\/div>\r\n\t<\/div>\r\n<\/div><\/div><div class=\"vc_tta-panel\" id=\"1732201623325-1c4a4e27-5d3d\" data-vc-content=\".vc_tta-panel-body\"><div class=\"vc_tta-panel-heading\"><h4 class=\"vc_tta-panel-title vc_tta-controls-icon-position-left\"><a href=\"#1732201623325-1c4a4e27-5d3d\" data-vc-accordion data-vc-container=\".vc_tta-container\"><span class=\"vc_tta-title-text\">How Do I Submit Documents for Accounting? Do We Need to Meet in Person?<\/span><i class=\"vc_tta-controls-icon vc_tta-controls-icon-plus\"><\/i><\/a><\/h4><\/div><div class=\"vc_tta-panel-body\">\r\n\t<div class=\"wpb_text_column wpb_content_element wpb_custom_7c91d232724f73626cc933bd95b25ff0\" >\r\n\t\t<div class=\"wpb_wrapper\">\r\n\t\t\t<p>No, we work exclusively electronically. You will have access to a shared space where you can neatly upload your company\u2019s documents. The archive we maintain will only be electronic. We will need a power of attorney from you for filing electronic declarations and accessing the Virtual Private Space (SPV) of ANAF, which must be sent to us in two original copies.<\/p>\n\r\n\t\t<\/div>\r\n\t<\/div>\r\n<\/div><\/div><div class=\"vc_tta-panel\" id=\"1732201694448-da79468e-5236\" data-vc-content=\".vc_tta-panel-body\"><div class=\"vc_tta-panel-heading\"><h4 class=\"vc_tta-panel-title vc_tta-controls-icon-position-left\"><a href=\"#1732201694448-da79468e-5236\" data-vc-accordion data-vc-container=\".vc_tta-container\"><span class=\"vc_tta-title-text\">How Can I Obtain a VAT Code?<\/span><i class=\"vc_tta-controls-icon vc_tta-controls-icon-plus\"><\/i><\/a><\/h4><\/div><div class=\"vc_tta-panel-body\">\r\n\t<div class=\"wpb_text_column wpb_content_element wpb_custom_7c91d232724f73626cc933bd95b25ff0\" >\r\n\t\t<div class=\"wpb_wrapper\">\r\n\t\t\t<p>A VAT code can be obtained either at the time of company registration or later by completing and submitting the D700 declaration through the e-government portal. We handle these procedures for you.<\/p>\n\r\n\t\t<\/div>\r\n\t<\/div>\r\n<\/div><\/div><div class=\"vc_tta-panel\" id=\"1732201714929-c9684aa3-5db8\" data-vc-content=\".vc_tta-panel-body\"><div class=\"vc_tta-panel-heading\"><h4 class=\"vc_tta-panel-title vc_tta-controls-icon-position-left\"><a href=\"#1732201714929-c9684aa3-5db8\" data-vc-accordion data-vc-container=\".vc_tta-container\"><span class=\"vc_tta-title-text\">How Can I Inject Money into the Company to Start Operations?<\/span><i class=\"vc_tta-controls-icon vc_tta-controls-icon-plus\"><\/i><\/a><\/h4><\/div><div class=\"vc_tta-panel-body\">\r\n\t<div class=\"wpb_text_column wpb_content_element wpb_custom_7c91d232724f73626cc933bd95b25ff0\" >\r\n\t\t<div class=\"wpb_wrapper\">\r\n\t\t\t<p>The simplest way is through a loan agreement between the shareholder and the company. The loan can be with or without interest. The advantage is that when the company has liquidity, it can repay the loan to the shareholder without any additional formalities.<\/p>\n\r\n\t\t<\/div>\r\n\t<\/div>\r\n<\/div><\/div><div class=\"vc_tta-panel\" id=\"1732201743902-97bf7118-a050\" data-vc-content=\".vc_tta-panel-body\"><div class=\"vc_tta-panel-heading\"><h4 class=\"vc_tta-panel-title vc_tta-controls-icon-position-left\"><a href=\"#1732201743902-97bf7118-a050\" data-vc-accordion data-vc-container=\".vc_tta-container\"><span class=\"vc_tta-title-text\">How Can I Withdraw Money from the Company?<\/span><i class=\"vc_tta-controls-icon vc_tta-controls-icon-plus\"><\/i><\/a><\/h4><\/div><div class=\"vc_tta-panel-body\">\r\n\t<div class=\"wpb_text_column wpb_content_element wpb_custom_7c91d232724f73626cc933bd95b25ff0\" >\r\n\t\t<div class=\"wpb_wrapper\">\r\n\t\t\t<p>If the company owes money to the shareholder due to a loan, the funds can be returned through loan repayment. Otherwise, money can be withdrawn by distributing dividends. Dividends can be distributed quarterly after filing interim financial statements. The dividend tax rate is 8%.<\/p>\n\r\n\t\t<\/div>\r\n\t<\/div>\r\n<\/div><\/div><div class=\"vc_tta-panel\" id=\"1732201745631-8f49813f-bf2e\" data-vc-content=\".vc_tta-panel-body\"><div class=\"vc_tta-panel-heading\"><h4 class=\"vc_tta-panel-title vc_tta-controls-icon-position-left\"><a href=\"#1732201745631-8f49813f-bf2e\" data-vc-accordion data-vc-container=\".vc_tta-container\"><span class=\"vc_tta-title-text\">Is It Better to Have a Microenterprise or a Profit Tax-Paying Company?<\/span><i class=\"vc_tta-controls-icon vc_tta-controls-icon-plus\"><\/i><\/a><\/h4><\/div><div class=\"vc_tta-panel-body\">\r\n\t<div class=\"wpb_text_column wpb_content_element wpb_custom_7c91d232724f73626cc933bd95b25ff0\" >\r\n\t\t<div class=\"wpb_wrapper\">\r\n\t\t\t<p>It depends on your company\u2019s profitability. Microenterprises are taxed at 1% if their turnover is under 300,000 lei and 3% if it exceeds 300,000 lei. Profit tax-paying companies pay 16% tax on profit.\nIf the company\u2019s turnover exceeds 300,000 lei and its profitability is under 20% (profit\/turnover &lt; 20%), profit tax is more advantageous. If profitability is above 20%, the 3% microenterprise tax is more beneficial. A detailed analysis of expected revenue and profits is essential for making an informed decision.<\/p>\n\r\n\t\t<\/div>\r\n\t<\/div>\r\n<\/div><\/div><div class=\"vc_tta-panel\" id=\"1732201794118-5b30f7ae-b74b\" data-vc-content=\".vc_tta-panel-body\"><div class=\"vc_tta-panel-heading\"><h4 class=\"vc_tta-panel-title vc_tta-controls-icon-position-left\"><a href=\"#1732201794118-5b30f7ae-b74b\" data-vc-accordion data-vc-container=\".vc_tta-container\"><span class=\"vc_tta-title-text\">What Billing or Management Software Should I Use?<\/span><i class=\"vc_tta-controls-icon vc_tta-controls-icon-plus\"><\/i><\/a><\/h4><\/div><div class=\"vc_tta-panel-body\">\r\n\t<div class=\"wpb_text_column wpb_content_element wpb_custom_7c91d232724f73626cc933bd95b25ff0\" >\r\n\t\t<div class=\"wpb_wrapper\">\r\n\t\t\t<p>There is a wide range of billing and management software on the market. We recommend FGO or Smart Bill for issuing invoices and management.<\/p>\n\r\n\t\t<\/div>\r\n\t<\/div>\r\n<\/div><\/div><div class=\"vc_tta-panel\" id=\"1732201819681-582969e4-e9b5\" data-vc-content=\".vc_tta-panel-body\"><div class=\"vc_tta-panel-heading\"><h4 class=\"vc_tta-panel-title vc_tta-controls-icon-position-left\"><a href=\"#1732201819681-582969e4-e9b5\" data-vc-accordion data-vc-container=\".vc_tta-container\"><span class=\"vc_tta-title-text\">Do I Need a Company to Sell on Amazon?<\/span><i class=\"vc_tta-controls-icon vc_tta-controls-icon-plus\"><\/i><\/a><\/h4><\/div><div class=\"vc_tta-panel-body\">\r\n\t<div class=\"wpb_text_column wpb_content_element wpb_custom_7c91d232724f73626cc933bd95b25ff0\" >\r\n\t\t<div class=\"wpb_wrapper\">\r\n\t\t\t<p>Yes, you need a VAT-registered company with the authorized CAEN code 4791.<\/p>\n\r\n\t\t<\/div>\r\n\t<\/div>\r\n<\/div><\/div><div class=\"vc_tta-panel\" id=\"1732201843901-e4af263b-535f\" data-vc-content=\".vc_tta-panel-body\"><div class=\"vc_tta-panel-heading\"><h4 class=\"vc_tta-panel-title vc_tta-controls-icon-position-left\"><a href=\"#1732201843901-e4af263b-535f\" data-vc-accordion data-vc-container=\".vc_tta-container\"><span class=\"vc_tta-title-text\">Why Do I Need a VAT Code to Sell on Amazon?<\/span><i class=\"vc_tta-controls-icon vc_tta-controls-icon-plus\"><\/i><\/a><\/h4><\/div><div class=\"vc_tta-panel-body\">\r\n\t<div class=\"wpb_text_column wpb_content_element wpb_custom_7c91d232724f73626cc933bd95b25ff0\" >\r\n\t\t<div class=\"wpb_wrapper\">\r\n\t\t\t<p>Without a valid VAT code, you cannot issue VAT-free invoices. Additionally, Amazon will charge an extra 19% VAT on the services they provide, which becomes a cost for a non-VAT-registered company in Romania. This will directly impact your business\u2019s profitability.\nMoreover, where Amazon doesn\u2019t charge 19% VAT, your Romanian company will be obligated to calculate 19% VAT on all services acquired from outside Romania and pay it to the Romanian state via the 301 declaration. For this reason, we recommend registering for VAT from the outset, as there are no disadvantages.<\/p>\n\r\n\t\t<\/div>\r\n\t<\/div>\r\n<\/div><\/div><\/div><\/div><\/div><\/div><\/div><\/div><\/div>\n<\/div>","protected":false},"excerpt":{"rendered":"Cum \u00eencep colaborarea cu voi? Ne po\u021bi scrie la adresa office@censeaservices.com sau ne po\u021bi suna la num\u0103rul 0721 86 25 93. Vom stabili \u00eempreun\u0103 care sunt nevoile firmei tale \u00eentr-o \u0219edin\u021b\u0103 de consultan\u021b\u0103 gratuit\u0103 \u0219i, dac\u0103 ne potrivim, vom \u00eencheia un contract. Vei primi instruc\u021biuni detaliate despre cum vom lucra. Cum trimit documentele c\u0103tre contabilitate? [...]","protected":false},"author":1,"featured_media":0,"parent":0,"menu_order":0,"comment_status":"closed","ping_status":"closed","template":"","meta":{"_acf_changed":false,"content-type":"","footnotes":""},"class_list":["post-1214","page","type-page","status-publish","hentry"],"acf":[],"_links":{"self":[{"href":"https:\/\/censeaservices.com\/en\/wp-json\/wp\/v2\/pages\/1214","targetHints":{"allow":["GET"]}}],"collection":[{"href":"https:\/\/censeaservices.com\/en\/wp-json\/wp\/v2\/pages"}],"about":[{"href":"https:\/\/censeaservices.com\/en\/wp-json\/wp\/v2\/types\/page"}],"author":[{"embeddable":true,"href":"https:\/\/censeaservices.com\/en\/wp-json\/wp\/v2\/users\/1"}],"replies":[{"embeddable":true,"href":"https:\/\/censeaservices.com\/en\/wp-json\/wp\/v2\/comments?post=1214"}],"version-history":[{"count":2,"href":"https:\/\/censeaservices.com\/en\/wp-json\/wp\/v2\/pages\/1214\/revisions"}],"predecessor-version":[{"id":1653,"href":"https:\/\/censeaservices.com\/en\/wp-json\/wp\/v2\/pages\/1214\/revisions\/1653"}],"wp:attachment":[{"href":"https:\/\/censeaservices.com\/en\/wp-json\/wp\/v2\/media?parent=1214"}],"curies":[{"name":"wp","href":"https:\/\/api.w.org\/{rel}","templated":true}]}}