{"id":1251,"date":"2024-11-25T08:12:50","date_gmt":"2024-11-25T08:12:50","guid":{"rendered":"https:\/\/calculatorleasing.ro\/censea\/?page_id=1251"},"modified":"2024-11-25T08:13:47","modified_gmt":"2024-11-25T08:13:47","slug":"politica-de-utilizare-a-cookie-urilor","status":"publish","type":"page","link":"https:\/\/censeaservices.com\/en\/politica-de-utilizare-a-cookie-urilor\/","title":{"rendered":"Cookie Policy"},"content":{"rendered":"<div class=\"wpb-content-wrapper\"><div class=\"vc_row wpb_row row top-row wpb_custom_034b39d9bc6c6b310d69e39f0ccf274f\"><div class=\"vc_column_container col-md-12\"><div class=\"wpb_wrapper vc_column-inner\">\r\n\t<div class=\"wpb_text_column wpb_content_element wpb_custom_7c91d232724f73626cc933bd95b25ff0\" >\r\n\t\t<div class=\"wpb_wrapper\">\r\n\t\t\t<p>Cookie Policy<\/p>\n<ol>\n<li>Introduction<\/li>\n<\/ol>\n<p>This Cookie Policy applies to all users of the website www.censeaservices.com. The information provided below is intended to inform users of this website about the placement, use, and management of cookies by CENSEA SERVICES SRL in the context of user navigation on this website.<\/p>\n<ol start=\"2\">\n<li>What Are Cookies?<\/li>\n<\/ol>\n<p class=\" translation-block\">Folosim termenul \u201ecookie\u201d-uri pentru a ne referi la modulele cookie \u0219i la tehnologiile similare prin intermediul c\u0103rora pot fi colectate informa\u021bii \u00een mod automat.<br>\r\nUn \u201eInternet Cookie\u201d (termen cunoscut \u0219i sub denumirea de \u201ebrowser cookie\u201d sau \u201eHTTP cookie\u201d ori \u201ecookie\u201d) reprezint\u0103 un fi\u0219ier de mici dimensiuni, format din litere \u0219i numere, care va fi stocat pe computerul, terminalul mobil sau pe alte echipamente ale unui utilizator prin intermediul c\u0103rora se acceseaz\u0103 internetul.<br>\r\nCookie-urile sunt instalate prin solicitarea emis\u0103 de un web-server c\u0103tre un browser (de ex.: Internet Explorer, Firefox, Chrome). Cookie-urile odat\u0103 instalate au o durat\u0103 de existen\u021b\u0103 determinat\u0103, r\u0103m\u00e2n\u00e2nd \u201epasive\u201d, \u00een sensul c\u0103 nu con\u021bin programe software, viru\u0219i sau spyware \u0219i nu vor accesa informa\u021biile de pe hard driverul utilizatorului pe al c\u0103rui echipament au fost instalate.<br>\r\nUn cookie este format din dou\u0103 p\u0103r\u021bi:<br>\r\n*** numele cookie-ului; \u0219i<br>\r\n*** con\u021binutul sau valoarea cookie-ului.<br>\r\nDin punct de vedere tehnic, doar web-serverul care a trimis cookie-ul \u00eel poate accesa din nou \u00een momentul \u00een care un utilizator se \u00eentoarce pe pagina de internet asociat\u0103 web-serverului respectiv.<\/p>\n<ol start=\"3\">\n<li>Why Are Cookies Used on This Website?<\/li>\n<\/ol>\n<p>Cookies are used to provide users of this website with a better browsing experience and services tailored to the needs and interests of each user, specifically:<\/p>\n<ul>\n<li>Improving the use of this website, including by identifying any errors that occur during visits;<\/li>\n<li>Providing anonymous statistics on how this website is used to CENSEA SERVICES SRL, as the owner of the website;<\/li>\n<li>Anticipating future goods or services made available to users based on the pages or products accessed.<\/li>\n<\/ul>\n<p>Based on the feedback provided by cookies regarding how the website is used, CENSEA SERVICES SRL can take measures to make it more efficient and accessible for users.<br \/>\nThus, the use of cookies enables the storage of certain settings\/preferences made by users, such as:<\/p>\n<ul>\n<li>The language in which a webpage is viewed;<\/li>\n<li>The currency used for displaying prices or fees;<\/li>\n<li>Facilitating access to user accounts;<\/li>\n<li>Posting reviews on the site.<\/li>\n<\/ul>\n<ol start=\"4\">\n<li>What Is the Lifetime of Cookies?<\/li>\n<\/ol>\n<p>Cookies\u2019 lifespan can vary significantly depending on their purpose. They are categorized as follows:<\/p>\n<ul>\n<li class=\" translation-block\">Session cookies: These are automatically deleted when the user closes the browser.<\/li>\n<li class=\" translation-block\">Persistent or fixed cookies: These remain stored on the user\u2019s device until they expire or are manually deleted.<\/li>\n<\/ul>\n<ol start=\"5\">\n<li>What Are Third-Party Cookies?<\/li>\n<\/ol>\n<p class=\" translation-block\">Anumite sec\u021biuni de con\u021binut de pe pagina de internet pot fi furnizate prin intermediul unor ter\u021bi, adic\u0103 nu de c\u0103tre CENSEA SERVICES SRL, caz \u00een care aceste cookie-uri sunt denumite cookie-uri plasate de ter\u021bi (\u201ethird party cookie-uri\u201d).<br>\r\nTer\u021bii furnizori ai cookie-urilor trebuie s\u0103 respecte, de asemenea, regulile \u00een materie de protec\u021bie a datelor \u0219i Politica de Confiden\u021bialitate disponibil\u0103 pe aceast\u0103 pagin\u0103 de internet.<br>\r\nAceste cookie-uri pot proveni de la urmatorii ter\u021bi: Google Analytics, Facebook, Shopify, Instagram.<\/p>\n<ol start=\"6\">\n<li>What Cookies Are Used on This Website?<\/li>\n<\/ol>\n<p>The following types of cookies may be placed on this website:<\/p>\n<ol>\n<li>Performance cookies<br \/>\nUser analysis cookies<br \/>\nGeotargeting cookies<br \/>\nRegistration cookies<br \/>\nAdvertising cookies<br \/>\nAdvertising provider cookies<\/li>\n<li>Performance Cookies<\/li>\n<\/ol>\n<p>These cookies remember user preferences, eliminating the need to set them again during subsequent visits.<\/p>\n<ol>\n<li>User Analysis Cookies<\/li>\n<\/ol>\n<p>These cookies indicate whether a user has previously visited the website. They are used for statistical purposes only.<\/p>\n<ol>\n<li>Geotargeting Cookies<\/li>\n<\/ol>\n<p>These cookies are used by software to determine the user's country of origin. Advertisements will be displayed regardless of the selected language.<\/p>\n<ol>\n<li>Registration Cookies<\/li>\n<\/ol>\n<p>When you register on this website, cookies are generated to store this action. The servers use these cookies to recognize the account with which you are logged in. If the \u201ckeep me logged in\u201d option is not selected, these cookies will be deleted at the end of the browsing session.<\/p>\n<ol>\n<li>Advertising Cookies<\/li>\n<\/ol>\n<p>These cookies provide information about whether a user has viewed an online advertisement, the type of ad, and the time elapsed since viewing it. Such cookies are used for targeting online advertising and are anonymous, storing information about the content viewed rather than the user.<\/p>\n<ol start=\"7\">\n<li>What Information Is Stored and Accessed via Cookies?<\/li>\n<\/ol>\n<p>Cookies store information in a small text file that allows the browser to be recognized. The website recognizes the browser until cookies expire or are deleted.<\/p>\n<ol start=\"8\">\n<li>Customizing Browser Settings for Cookies<\/li>\n<\/ol>\n<p class=\" translation-block\">\u00cen cazul \u00een care utilizarea cookie-urilor nu este deranjant\u0103 iar calculatorul sau echipamentul tehnic utilizat pentru navigarea pe aceast\u0103 pagin\u0103 de internet este folosit doar de c\u0103tre dumneavoastr\u0103, pot fi setate termene lungi de expirare pentru stocrarea istoricului de navigare.<br>\r\n\u00cen cazul \u00een care calculatorul sau echipamentul tehnic utilizat pentru navigarea pe aceast\u0103 pagin\u0103 de internet este folosit de mai multe persoane, poate fi luat\u0103 \u00een considerare setarea pentru \u0219tergerea datelor individuale de navigare de fiecare dat\u0103 c\u00e2nd browserul este \u00eenchis.<\/p>\n<ol start=\"9\">\n<li>How Can Cookies Be Disabled?<\/li>\n<\/ol>\n<p class=\" translation-block\">Disabling or refusing cookies may make the website more difficult to use and limit its functionality.\nUsers can configure their browsers to refuse cookies or accept cookies only from specific websites.\nMost modern browsers allow cookie settings to be customized in the \u201coptions\u201d or \u201cpreferences\u201d menu.\nRefusing or disabling cookies does not mean you will no longer receive online advertisements; they will just not be tailored to your preferences.<\/p>\n<p>To understand these settings, the following links might be helpful:<\/p>\n<ul>\n<li><a href=\"https:\/\/support.microsoft.com\/en-us\/help\/17442\/windows-internet-explorer-delete-manage-cookies\">Cookie settings in Internet Explorer<\/a><\/li>\n<li><a href=\"https:\/\/support.mozilla.org\/en-US\/kb\/enable-and-disable-cookies-website-preferences\">Cookie settings in Firefox<\/a><\/li>\n<li><a href=\"https:\/\/support.google.com\/chrome\/answer\/95647\">Cookie settings in Chrome<\/a><\/li>\n<li><a href=\"https:\/\/support.apple.com\/kb\/ph21411\">Cookie settings in Safari<\/a><\/li>\n<\/ul>\n<p>For additional questions regarding how cookies are used on this website, please contact us at office@censeaservices.com.<\/p>\n\r\n\t\t<\/div>\r\n\t<\/div>\r\n<\/div><\/div><\/div>\n<\/div>","protected":false},"excerpt":{"rendered":"Politica de utilizare a Cookie-urilor Introducere Prezenta Politic\u0103 privind fi\u0219ierele cookies se aplic\u0103 tuturor utilizatorilor paginii de internet www.censeaservices.com\u00a0. Informa\u021biile prezentate \u00een continuare au ca scop informarea utilizatorilor acestei pagini de internet cu privire la plasarea, utilizarea \u0219i administrarea cookie-urilor de c\u0103tre CENSEA SERVICES SRL \u00een contextul navig\u0103rii utilizatorilor pe aceast\u0103 pagin\u0103 de internet. Ce [...]","protected":false},"author":1,"featured_media":0,"parent":0,"menu_order":0,"comment_status":"closed","ping_status":"closed","template":"","meta":{"_acf_changed":false,"content-type":"","footnotes":""},"class_list":["post-1251","page","type-page","status-publish","hentry"],"acf":[],"_links":{"self":[{"href":"https:\/\/censeaservices.com\/en\/wp-json\/wp\/v2\/pages\/1251","targetHints":{"allow":["GET"]}}],"collection":[{"href":"https:\/\/censeaservices.com\/en\/wp-json\/wp\/v2\/pages"}],"about":[{"href":"https:\/\/censeaservices.com\/en\/wp-json\/wp\/v2\/types\/page"}],"author":[{"embeddable":true,"href":"https:\/\/censeaservices.com\/en\/wp-json\/wp\/v2\/users\/1"}],"replies":[{"embeddable":true,"href":"https:\/\/censeaservices.com\/en\/wp-json\/wp\/v2\/comments?post=1251"}],"version-history":[{"count":2,"href":"https:\/\/censeaservices.com\/en\/wp-json\/wp\/v2\/pages\/1251\/revisions"}],"predecessor-version":[{"id":1253,"href":"https:\/\/censeaservices.com\/en\/wp-json\/wp\/v2\/pages\/1251\/revisions\/1253"}],"wp:attachment":[{"href":"https:\/\/censeaservices.com\/en\/wp-json\/wp\/v2\/media?parent=1251"}],"curies":[{"name":"wp","href":"https:\/\/api.w.org\/{rel}","templated":true}]}}